{"id":184,"date":"2024-10-22T17:43:16","date_gmt":"2024-10-22T17:43:16","guid":{"rendered":"https:\/\/zamowienia.timetoeat.me\/?page_id=184"},"modified":"2024-10-22T17:44:09","modified_gmt":"2024-10-22T17:44:09","slug":"elementor-184","status":"publish","type":"page","link":"https:\/\/zamowienia.timetoeat.me\/en\/elementor-184\/","title":{"rendered":"Elementor #184"},"content":{"rendered":"<div data-elementor-type=\"wp-page\" data-elementor-id=\"184\" class=\"elementor elementor-184\" data-elementor-post-type=\"page\">\n\t\t\t\t<div class=\"elementor-element elementor-element-eab9919 e-flex e-con-boxed e-con e-parent\" data-id=\"eab9919\" data-element_type=\"container\">\n\t\t\t\t\t<div class=\"e-con-inner\">\n\t\t\t\t<div class=\"elementor-element elementor-element-91d2f3c e-checkout-layout-two-column elementor-widget elementor-widget-woocommerce-checkout-page\" data-id=\"91d2f3c\" data-element_type=\"widget\" data-widget_type=\"woocommerce-checkout-page.default\">\n\t\t\t\t<div class=\"elementor-widget-container\">\n\t\t\t\t\t<div class=\"woocommerce\"><div class=\"woocommerce-notices-wrapper\"><\/div><\/div>\t\t\t\t<\/div>\n\t\t\t\t<\/div>\n\t\t\t\t\t<\/div>\n\t\t\t\t<\/div>\n\t\t\t\t<\/div>","protected":false},"excerpt":{"rendered":"<p>Billing Details First Name&nbsp;* Last Name&nbsp;* Company Name&nbsp;(opcjonalne) Kraj \/ region&nbsp;*Wybierz kraj\/region&hellip;AfganistanAlbaniaAlgieriaAndoraAngolaAnguillaAntarktydaAntigua i BarbudaArabia SaudyjskaArgentynaArmeniaArubaAustraliaAustriaAzerbejd\u017canBahamyBahrajnBangladeszBarbadosBelauBelgiaBelizeBeninBermudyBhutanBia\u0142oru\u015bBoliwiaBo\u015bnia i HercegowinaBotswanaBrazyliaBrazzavilleBruneiBrytyjskie Terytorium Oceanu IndyjskiegoBu\u0142gariaBurkina FasoBurundiChileChinyChorwacjaCura&ccedil;aoCyprCzadCzarnog\u00f3raDalekie Wyspy Mniejsze Stan\u00f3w ZjednoczonychDaniaDemokratyczna Republika KongaD\u017cibutiEgiptEkwadorErytreaEstoniaEswatiniEtiopiaFalklandyFid\u017ciFilipinyFinlandiaFrancjaFrancuskie Terytoria Po\u0142udnioweGabonGambiaGeorgia Po\u0142udniowa i Sandwich Po\u0142udniowyGhanaGibraltarGrecjaGrenadaGrenlandiaGruzjaGuamGuernseyGujanaGujana FrancuskaGwadelupaGwatemalaGwineaGwinea BissauGwinea R\u00f3wnikowaHaitiHiszpaniaHolandiaHolandia KaraibskaHondurasHongkongIndieIndonezjaIrakIranIrlandiaIslandiaIzraelJamajkaJaponiaJemenJerseyJordaniaKajmanyKambod\u017caKamerunKanadaKatarKazachstanKeniaKirgistanKiribatiKolumbiaKomoryKorea Po\u0142udniowaKorea P\u00f3\u0142nocnaKostarykaKubaKuwejtLaosLesotoLibanLiberiaLibiaLiechtensteinLitwaLuksemburg\u0141otwaMadagaskarMajottaMakauMalawiMalediwyMalezjaMaliMaltaMariany P\u00f3\u0142nocneMarokoMartynikaMauretaniaMauritiusMeksykMikronezjaMjanmaMo\u0142dawiaMonakoMongoliaMontserratMozambikNamibiaNauruNepalNiemcyNigerNigeriaNikaraguaNiueNorfolkNorwegiaNowa KaledoniaNowa ZelandiaOmanPakistanPanamaPapua-Nowa GwineaParagwajPeruPitcairnPolinezja FrancuskaPolskaPortorykoPortugaliaP\u00f3\u0142nocna MacedoniaRepublika CzeskaRepublika Dominika\u0144skaRepublika Po\u0142udniowej AfrykiRepublika \u015arodkowoafryka\u0144skaRepublika Zielonego Przyl\u0105dkaReunionRosjaRumuniaRwandaSahara ZachodniaSaint Kitts i [&hellip;]<\/p>","protected":false},"author":1,"featured_media":0,"parent":0,"menu_order":0,"comment_status":"closed","ping_status":"closed","template":"elementor_canvas","meta":{"footnotes":""},"class_list":["post-184","page","type-page","status-publish","hentry"],"jetpack_sharing_enabled":true,"_links":{"self":[{"href":"https:\/\/zamowienia.timetoeat.me\/en\/wp-json\/wp\/v2\/pages\/184","targetHints":{"allow":["GET"]}}],"collection":[{"href":"https:\/\/zamowienia.timetoeat.me\/en\/wp-json\/wp\/v2\/pages"}],"about":[{"href":"https:\/\/zamowienia.timetoeat.me\/en\/wp-json\/wp\/v2\/types\/page"}],"author":[{"embeddable":true,"href":"https:\/\/zamowienia.timetoeat.me\/en\/wp-json\/wp\/v2\/users\/1"}],"replies":[{"embeddable":true,"href":"https:\/\/zamowienia.timetoeat.me\/en\/wp-json\/wp\/v2\/comments?post=184"}],"version-history":[{"count":4,"href":"https:\/\/zamowienia.timetoeat.me\/en\/wp-json\/wp\/v2\/pages\/184\/revisions"}],"predecessor-version":[{"id":188,"href":"https:\/\/zamowienia.timetoeat.me\/en\/wp-json\/wp\/v2\/pages\/184\/revisions\/188"}],"wp:attachment":[{"href":"https:\/\/zamowienia.timetoeat.me\/en\/wp-json\/wp\/v2\/media?parent=184"}],"curies":[{"name":"wp","href":"https:\/\/api.w.org\/{rel}","templated":true}]}}